{"id":372,"date":"2023-10-20T10:56:15","date_gmt":"2023-10-20T08:56:15","guid":{"rendered":"https:\/\/olimpcatering.pl\/?post_type=product&#038;p=372"},"modified":"2024-01-15T19:00:35","modified_gmt":"2024-01-15T18:00:35","slug":"dieta-hadesa-dieta-keto","status":"publish","type":"product","link":"https:\/\/olimpcatering.pl\/?product=dieta-hadesa-dieta-keto","title":{"rendered":"Dieta Hadesa &#8211; Keto"},"content":{"rendered":"<p>Odkryj Diet\u0119 Hadesa ( Ketogeniczna) &#8211; nasz\u0105 interpretacj\u0119 diety ketogenicznej inspirowan\u0105 mitologicznym Olimpem. Podobnie jak Hades rz\u0105dzi\u0142 krain\u0105 podziemi, nasza dieta skupia si\u0119 na spalaniu t\u0142uszczu jako g\u0142\u00f3wnego \u017ar\u00f3d\u0142a energii. To niebia\u0144ska dieta, kt\u00f3ra przekszta\u0142ci Twoje posi\u0142ki w prawdziw\u0105 uczt\u0119, pomagaj\u0105c osi\u0105gn\u0105\u0107 cele zdrowotne i sylwetkowe.<\/p>\n<p>Nasza dieta Hadesa to wyj\u0105tkowe dania, bogate w bia\u0142ko i zdrowe t\u0142uszcze. Ka\u017cdy posi\u0142ek zosta\u0142 starannie przygotowany, aby dostarczy\u0107 smaku i niezb\u0119dnych sk\u0142adnik\u00f3w od\u017cywczych. Zyskasz sta\u0142\u0105 energi\u0119, poprawisz wydolno\u015b\u0107 m\u00f3zgu i przyspieszysz spalanie t\u0142uszczu.<\/p>\n<p>Poczuj si\u0119 jak bogini czy b\u00f3g Olimpu dzi\u0119ki naszej diecie Hadesa. To czas, aby da\u0107 swojemu cia\u0142u to, czego zas\u0142uguje, i rozpocz\u0105\u0107 podr\u00f3\u017c ku zdrowszemu \u017cyciu. Do\u0142\u0105cz do naszej grupy, kt\u00f3ra docenia boskie smaki i zdrowy styl \u017cycia. Czas na diet\u0119 Hadesa &#8211; czas na zmiany.<\/p>\n","protected":false},"excerpt":{"rendered":"<p>Dieta Ketogeniczna charakteryzuje si\u0119 d\u0142ugotrwa\u0142ym niskim spo\u017cyciem w\u0119glowodan\u00f3w<\/p>\n","protected":false},"featured_media":443,"template":"","meta":[],"product_cat":[20],"product_tag":[],"class_list":{"0":"post-372","1":"product","2":"type-product","3":"status-publish","4":"has-post-thumbnail","6":"product_cat-diety","7":"entry","9":"first","10":"instock","11":"shipping-taxable","12":"product-type-simple"},"_links":{"self":[{"href":"https:\/\/olimpcatering.pl\/index.php?rest_route=\/wp\/v2\/product\/372","targetHints":{"allow":["GET"]}}],"collection":[{"href":"https:\/\/olimpcatering.pl\/index.php?rest_route=\/wp\/v2\/product"}],"about":[{"href":"https:\/\/olimpcatering.pl\/index.php?rest_route=\/wp\/v2\/types\/product"}],"version-history":[{"count":3,"href":"https:\/\/olimpcatering.pl\/index.php?rest_route=\/wp\/v2\/product\/372\/revisions"}],"predecessor-version":[{"id":1032,"href":"https:\/\/olimpcatering.pl\/index.php?rest_route=\/wp\/v2\/product\/372\/revisions\/1032"}],"wp:featuredmedia":[{"embeddable":true,"href":"https:\/\/olimpcatering.pl\/index.php?rest_route=\/wp\/v2\/media\/443"}],"wp:attachment":[{"href":"https:\/\/olimpcatering.pl\/index.php?rest_route=%2Fwp%2Fv2%2Fmedia&parent=372"}],"wp:term":[{"taxonomy":"product_cat","embeddable":true,"href":"https:\/\/olimpcatering.pl\/index.php?rest_route=%2Fwp%2Fv2%2Fproduct_cat&post=372"},{"taxonomy":"product_tag","embeddable":true,"href":"https:\/\/olimpcatering.pl\/index.php?rest_route=%2Fwp%2Fv2%2Fproduct_tag&post=372"}],"curies":[{"name":"wp","href":"https:\/\/api.w.org\/{rel}","templated":true}]}}