{"id":369,"date":"2023-10-20T10:55:00","date_gmt":"2023-10-20T08:55:00","guid":{"rendered":"https:\/\/olimpcatering.pl\/?post_type=product&#038;p=369"},"modified":"2024-01-15T19:27:39","modified_gmt":"2024-01-15T18:27:39","slug":"dieta-apolla-dieta-niski-ig","status":"publish","type":"product","link":"https:\/\/olimpcatering.pl\/?product=dieta-apolla-dieta-niski-ig","title":{"rendered":"Dieta Apolla &#8211; Niski IG"},"content":{"rendered":"<p>Zapraszamy do \u015bwiata Diety Apolla &#8211; naszej specjalnie opracowanej diety z niskim indeksem glikemicznym, inspirowanej m\u0105dro\u015bci\u0105 i doskona\u0142ym zdrowiem Apolla, boga \u015bwiat\u0142a i harmonii.<\/p>\n<p>Dieta Apolla to droga do utrzymania stabilnego poziomu cukru we krwi i optymalnej kontroli wagi. Podobnie jak Apollo, kt\u00f3ry symbolizowa\u0142 doskona\u0142e zdrowie, nasza dieta pomaga osi\u0105gn\u0105\u0107 r\u00f3wnowag\u0119 w Twoim \u017cyciu.<\/p>\n<p>Nasza dieta opiera si\u0119 na potrawach o niskim indeksie glikemicznym, co oznacza, \u017ce \u200b\u200bposi\u0142ki s\u0105 metabolizowane wolniej, co pomaga utrzyma\u0107 sta\u0142y poziom cukru we krwi. To nie tylko korzystne dla diabetyk\u00f3w, ale tak\u017ce dla wszystkich, kt\u00f3rzy dbaj\u0105 o zdrowy styl \u017cycia.<\/p>\n<p>Zaopatrz si\u0119 w nasze pyszne dania, kt\u00f3re nie tylko smakuj\u0105 wyj\u0105tkowo, ale tak\u017ce dostarczaj\u0105 niezb\u0119dnych sk\u0142adnik\u00f3w od\u017cywczych. Dieta Apolla to nie tylko spos\u00f3b na kontrol\u0119 cukru we krwi, ale tak\u017ce na promowanie zdrowego trawienia i utrzymanie energii przez ca\u0142y dzie\u0144.<\/p>\n<p>Przy\u0142\u0105cz si\u0119 do naszej spo\u0142eczno\u015bci, kt\u00f3ra ceni smak i warto\u015bci Diety Apolla. To czas, aby zadba\u0107 o swoje zdrowie i wyruszy\u0107 na drog\u0119 ku harmonii i r\u00f3wnowadze. Dieta Apolla &#8211; to Twoja \u015bcie\u017cka do zdrowia i dobrej formy.<\/p>\n","protected":false},"excerpt":{"rendered":"<p>Inaczej zwana te\u017c &#8220;Dieta Low IG&#8221; czy po prostu diet\u0105 z niskim indeksem glikemicznym<\/p>\n","protected":false},"featured_media":448,"template":"","meta":[],"product_cat":[20],"product_tag":[],"class_list":{"0":"post-369","1":"product","2":"type-product","3":"status-publish","4":"has-post-thumbnail","6":"product_cat-diety","7":"entry","9":"first","10":"instock","11":"shipping-taxable","12":"product-type-simple"},"_links":{"self":[{"href":"https:\/\/olimpcatering.pl\/index.php?rest_route=\/wp\/v2\/product\/369","targetHints":{"allow":["GET"]}}],"collection":[{"href":"https:\/\/olimpcatering.pl\/index.php?rest_route=\/wp\/v2\/product"}],"about":[{"href":"https:\/\/olimpcatering.pl\/index.php?rest_route=\/wp\/v2\/types\/product"}],"version-history":[{"count":2,"href":"https:\/\/olimpcatering.pl\/index.php?rest_route=\/wp\/v2\/product\/369\/revisions"}],"predecessor-version":[{"id":1035,"href":"https:\/\/olimpcatering.pl\/index.php?rest_route=\/wp\/v2\/product\/369\/revisions\/1035"}],"wp:featuredmedia":[{"embeddable":true,"href":"https:\/\/olimpcatering.pl\/index.php?rest_route=\/wp\/v2\/media\/448"}],"wp:attachment":[{"href":"https:\/\/olimpcatering.pl\/index.php?rest_route=%2Fwp%2Fv2%2Fmedia&parent=369"}],"wp:term":[{"taxonomy":"product_cat","embeddable":true,"href":"https:\/\/olimpcatering.pl\/index.php?rest_route=%2Fwp%2Fv2%2Fproduct_cat&post=369"},{"taxonomy":"product_tag","embeddable":true,"href":"https:\/\/olimpcatering.pl\/index.php?rest_route=%2Fwp%2Fv2%2Fproduct_tag&post=369"}],"curies":[{"name":"wp","href":"https:\/\/api.w.org\/{rel}","templated":true}]}}