{"id":367,"date":"2023-10-20T10:50:42","date_gmt":"2023-10-20T08:50:42","guid":{"rendered":"https:\/\/olimpcatering.pl\/?post_type=product&#038;p=367"},"modified":"2024-01-16T11:21:58","modified_gmt":"2024-01-16T10:21:58","slug":"dieta-heraklesa-dieta-dla-aktywnych","status":"publish","type":"product","link":"https:\/\/olimpcatering.pl\/?product=dieta-heraklesa-dieta-dla-aktywnych","title":{"rendered":"Dieta Heraklesa -Dla Aktywnych"},"content":{"rendered":"<p>Przedstawiamy Diet\u0119 Heraklesa &#8211; dedykowan\u0105 wszystkim, kt\u00f3rzy pragn\u0105 osi\u0105gn\u0105\u0107 niezwyk\u0142e wyniki i wzmocni\u0107 swoje cia\u0142o, inspirowan\u0105 legendarnym bohaterem Heraklesem. Ta dieta jest stworzona dla aktywnych os\u00f3b, kt\u00f3re nieustannie d\u0105\u017c\u0105 do doskona\u0142o\u015bci w swoim \u017cyciu.<\/p>\n<p>Dieta Heraklesa jest jak legendarna si\u0142a samego Heraklesa &#8211; pe\u0142na bia\u0142ka, zdrowych t\u0142uszczy i sk\u0142adnik\u00f3w od\u017cywczych, kt\u00f3re pomog\u0105 Ci osi\u0105gn\u0105\u0107 swoje cele treningowe i \u017cyciowe. To jedzenie, kt\u00f3re dostarcza energii i pozwala Ci stawi\u0107 czo\u0142a ka\u017cdemu wyzwaniu.<\/p>\n<p>Podobnie jak Herakles pokonywa\u0142 potwory i wykonywa\u0142 niezliczone czyny heroiczne, nasza dieta wspiera Twoje wysi\u0142ki i pozwala osi\u0105gn\u0105\u0107 doskona\u0142e wyniki. Wzbogacona o odpowiednie ilo\u015bci bia\u0142ka i sk\u0142adnik\u00f3w od\u017cywczych, pomo\u017ce Ci zbudowa\u0107 mi\u0119\u015bnie, poprawi\u0107 wydolno\u015b\u0107 i szybciej regenerowa\u0107 si\u0119 po treningu.<\/p>\n<p>Zaopatrz si\u0119 w nasze potrawy, kt\u00f3re s\u0105 nie tylko smaczne, ale tak\u017ce dostarczaj\u0105 Ci niezb\u0119dnych sk\u0142adnik\u00f3w od\u017cywczych. Dieta Heraklesa to prawdziwa dieta dla bohater\u00f3w codzienno\u015bci, kt\u00f3rzy nieustannie pracuj\u0105 nad swoim cia\u0142em i zdrowiem.<\/p>\n<p>Przy\u0142\u0105cz si\u0119 do naszej spo\u0142eczno\u015bci, kt\u00f3ra docenia smak i warto\u015b\u0107 Diety Heraklesa. To czas, aby sta\u0107 si\u0119 bohaterem swojego \u017cycia i osi\u0105gn\u0105\u0107 niesamowite cele. Dieta Heraklesa &#8211; to Twoja droga do aktywno\u015bci i si\u0142y.<\/p>\n","protected":false},"excerpt":{"rendered":"<p>Dieta o wysokiej zawarto\u015bci bia\u0142ka idealnie sprawdzi si\u0119 u os\u00f3b kochaj\u0105cych sport i aktywny tryb \u017cycia.<\/p>\n","protected":false},"featured_media":452,"template":"","meta":[],"product_cat":[20],"product_tag":[],"class_list":{"0":"post-367","1":"product","2":"type-product","3":"status-publish","4":"has-post-thumbnail","6":"product_cat-diety","7":"entry","9":"first","10":"instock","11":"shipping-taxable","12":"product-type-simple"},"_links":{"self":[{"href":"https:\/\/olimpcatering.pl\/index.php?rest_route=\/wp\/v2\/product\/367","targetHints":{"allow":["GET"]}}],"collection":[{"href":"https:\/\/olimpcatering.pl\/index.php?rest_route=\/wp\/v2\/product"}],"about":[{"href":"https:\/\/olimpcatering.pl\/index.php?rest_route=\/wp\/v2\/types\/product"}],"version-history":[{"count":3,"href":"https:\/\/olimpcatering.pl\/index.php?rest_route=\/wp\/v2\/product\/367\/revisions"}],"predecessor-version":[{"id":1038,"href":"https:\/\/olimpcatering.pl\/index.php?rest_route=\/wp\/v2\/product\/367\/revisions\/1038"}],"wp:featuredmedia":[{"embeddable":true,"href":"https:\/\/olimpcatering.pl\/index.php?rest_route=\/wp\/v2\/media\/452"}],"wp:attachment":[{"href":"https:\/\/olimpcatering.pl\/index.php?rest_route=%2Fwp%2Fv2%2Fmedia&parent=367"}],"wp:term":[{"taxonomy":"product_cat","embeddable":true,"href":"https:\/\/olimpcatering.pl\/index.php?rest_route=%2Fwp%2Fv2%2Fproduct_cat&post=367"},{"taxonomy":"product_tag","embeddable":true,"href":"https:\/\/olimpcatering.pl\/index.php?rest_route=%2Fwp%2Fv2%2Fproduct_tag&post=367"}],"curies":[{"name":"wp","href":"https:\/\/api.w.org\/{rel}","templated":true}]}}