{"id":365,"date":"2023-10-20T10:49:39","date_gmt":"2023-10-20T08:49:39","guid":{"rendered":"https:\/\/olimpcatering.pl\/?post_type=product&#038;p=365"},"modified":"2024-01-15T19:24:49","modified_gmt":"2024-01-15T18:24:49","slug":"dieta-demeter-dieta-wegetarianska","status":"publish","type":"product","link":"https:\/\/olimpcatering.pl\/?product=dieta-demeter-dieta-wegetarianska","title":{"rendered":"Dieta Demeter &#8211; Wegetaria\u0144ska"},"content":{"rendered":"<p>Odkryj Diet\u0119 Demeter &#8211; nasz\u0105 autorsk\u0105 wersj\u0119 diety wegetaria\u0144skiej, inspirowan\u0105 mi\u0142o\u015bci\u0105 do natury i trosk\u0105 o Twoje zdrowie. Podobnie jak Demeter, bogini p\u0142odno\u015bci i ziemi, nasza dieta skupia si\u0119 na korzy\u015bciach p\u0142yn\u0105cych z ro\u015blinnych sk\u0142adnik\u00f3w, aby dostarczy\u0107 Ci smak\u00f3w i zdrowia.<\/p>\n<p>Dieta Demeter to prawdziwa uczta dla zmys\u0142\u00f3w, kt\u00f3ra udowadnia, \u017ce \u200b\u200bwegetaria\u0144skie jedzenie mo\u017ce by\u0107 r\u00f3wnie smaczne i satysfakcjonuj\u0105ce jak tradycyjne posi\u0142ki mi\u0119sne. Nasze dania s\u0105 starannie przygotowywane, aby dostarczy\u0107 Ci pe\u0142nowarto\u015bciowych posi\u0142k\u00f3w, bogatych w bia\u0142ko ro\u015blinne, witaminy i minera\u0142y. To jedzenie, kt\u00f3re nie tylko smakuje wyj\u0105tkowo, ale tak\u017ce wspiera Twoje zdrowie.<\/p>\n<p>W diecie Demeter kierujemy si\u0119 trosk\u0105 o \u015brodowisko, podobnie jak Demeter dba\u0142a o ziemi\u0119. Nasza dieta sprzyja zr\u00f3wnowa\u017conemu stylowi \u017cycia, co pomaga zmniejszy\u0107 wp\u0142yw na \u015brodowisko. Jednocze\u015bnie pomaga osi\u0105gn\u0105\u0107 cele zdrowotne, poprawi\u0107 trawienie i zwi\u0119kszy\u0107 energi\u0119 do pe\u0142nego \u017cycia.<\/p>\n<p>Zaopatrz si\u0119 w nasze pyszne dania, kt\u00f3re podkre\u015blaj\u0105 pi\u0119kno ro\u015blinnych sk\u0142adnik\u00f3w. Dieta Demeter to nie tylko smaczna, ale r\u00f3wnie\u017c zdrowa i odpowiedzialna decyzja. Przy\u0142\u0105cz si\u0119 do naszej spo\u0142eczno\u015bci, kt\u00f3ra ceni smak i warto\u015bci wegetaria\u0144skiej kuchni. To czas, aby podj\u0105\u0107 t\u0119 pi\u0119kn\u0105 i smaczn\u0105 podr\u00f3\u017c &#8211; czas na Diet\u0119 Demeter.<\/p>\n","protected":false},"excerpt":{"rendered":"<p>Diet\u0105 eliminacyjna, kt\u00f3ra wyklucza spo\u017cywanie wszelkiego rodzaju mi\u0119s i ryb.<\/p>\n","protected":false},"featured_media":456,"template":"","meta":[],"product_cat":[20],"product_tag":[],"class_list":{"0":"post-365","1":"product","2":"type-product","3":"status-publish","4":"has-post-thumbnail","6":"product_cat-diety","7":"entry","9":"first","10":"instock","11":"shipping-taxable","12":"product-type-simple"},"_links":{"self":[{"href":"https:\/\/olimpcatering.pl\/index.php?rest_route=\/wp\/v2\/product\/365","targetHints":{"allow":["GET"]}}],"collection":[{"href":"https:\/\/olimpcatering.pl\/index.php?rest_route=\/wp\/v2\/product"}],"about":[{"href":"https:\/\/olimpcatering.pl\/index.php?rest_route=\/wp\/v2\/types\/product"}],"version-history":[{"count":3,"href":"https:\/\/olimpcatering.pl\/index.php?rest_route=\/wp\/v2\/product\/365\/revisions"}],"predecessor-version":[{"id":1034,"href":"https:\/\/olimpcatering.pl\/index.php?rest_route=\/wp\/v2\/product\/365\/revisions\/1034"}],"wp:featuredmedia":[{"embeddable":true,"href":"https:\/\/olimpcatering.pl\/index.php?rest_route=\/wp\/v2\/media\/456"}],"wp:attachment":[{"href":"https:\/\/olimpcatering.pl\/index.php?rest_route=%2Fwp%2Fv2%2Fmedia&parent=365"}],"wp:term":[{"taxonomy":"product_cat","embeddable":true,"href":"https:\/\/olimpcatering.pl\/index.php?rest_route=%2Fwp%2Fv2%2Fproduct_cat&post=365"},{"taxonomy":"product_tag","embeddable":true,"href":"https:\/\/olimpcatering.pl\/index.php?rest_route=%2Fwp%2Fv2%2Fproduct_tag&post=365"}],"curies":[{"name":"wp","href":"https:\/\/api.w.org\/{rel}","templated":true}]}}